{"id":29049,"date":"2026-02-16T23:42:26","date_gmt":"2026-02-16T22:42:26","guid":{"rendered":"https:\/\/www.artscentspain.com\/en\/?page_id=29049"},"modified":"2026-02-16T23:53:50","modified_gmt":"2026-02-16T22:53:50","slug":"committee-of-experts","status":"publish","type":"page","link":"https:\/\/www.artscentspain.com\/en\/committee-of-experts\/","title":{"rendered":"Committee of experts"},"content":{"rendered":"\t\t<div data-elementor-type=\"wp-page\" data-elementor-id=\"29049\" class=\"elementor elementor-29049\">\n\t\t\t\t\t\t<section class=\"elementor-section elementor-top-section elementor-element elementor-element-f9b7046 elementor-section-stretched elementor-section-boxed elementor-section-height-default elementor-section-height-default\" data-id=\"f9b7046\" data-element_type=\"section\" data-e-type=\"section\" data-settings=\"{&quot;stretch_section&quot;:&quot;section-stretched&quot;,&quot;background_background&quot;:&quot;classic&quot;}\">\n\t\t\t\t\t\t<div class=\"elementor-container elementor-column-gap-default\">\n\t\t\t\t\t<div class=\"elementor-column elementor-col-50 elementor-top-column elementor-element elementor-element-8c68093\" data-id=\"8c68093\" data-element_type=\"column\" data-e-type=\"column\">\n\t\t\t<div class=\"elementor-widget-wrap elementor-element-populated\">\n\t\t\t\t\t\t<div class=\"elementor-element elementor-element-c2b1676 elementor-widget elementor-widget-rs-heading\" data-id=\"c2b1676\" data-element_type=\"widget\" data-e-type=\"widget\" data-widget_type=\"rs-heading.default\">\n\t\t\t\t<div class=\"elementor-widget-container\">\n\t\t\t\t\t\n        <div class=\"prelements-heading water__slide_no style4 animate- \">\n        \t<div class=\"title-inner\">        \t\t      \t\t\n\t            <h1 class=\"title\"><span class=\"watermark\">Presentaci\u00f3n<\/span>Committee of experts<\/h1>\t\t\t\t\n\t\t\t\t\t        <\/div>\n\t                <\/div>\n        \t\t\t\t<\/div>\n\t\t\t\t<\/div>\n\t\t\t\t\t<\/div>\n\t\t<\/div>\n\t\t\t\t<div class=\"elementor-column elementor-col-50 elementor-top-column elementor-element elementor-element-4d7319e\" data-id=\"4d7319e\" data-element_type=\"column\" data-e-type=\"column\">\n\t\t\t<div class=\"elementor-widget-wrap\">\n\t\t\t\t\t\t\t<\/div>\n\t\t<\/div>\n\t\t\t\t\t<\/div>\n\t\t<\/section>\n\t\t<div class=\"elementor-element elementor-element-7d346a5 e-flex e-con-boxed e-con e-parent\" data-id=\"7d346a5\" data-element_type=\"container\" data-e-type=\"container\">\n\t\t\t\t\t<div class=\"e-con-inner\">\n\t\t\t\t<div class=\"elementor-element elementor-element-4f893c9 elementor-widget elementor-widget-text-editor\" data-id=\"4f893c9\" data-element_type=\"widget\" data-e-type=\"widget\" data-widget_type=\"text-editor.default\">\n\t\t\t\t<div class=\"elementor-widget-container\">\n\t\t\t\t\t\t\t\t\t<h2><b>Alicia Fern\u00e1ndez. Owner of Nadia Perfumer\u00eda.<\/b><\/h2><p><img fetchpriority=\"high\" decoding=\"async\" class=\"size-full wp-image-29167 alignleft\" src=\"https:\/\/www.artscentspain.com\/wp-content\/uploads\/2026\/02\/alicia-fernandez_.jpg\" alt=\"Alcia Fern\u00e1ndez\" width=\"225\" height=\"300\" \/><\/p><p data-start=\"197\" data-end=\"497\">Founded in 1953, Nadia Perfumer\u00eda is an independent perfumery located in the heart of Madrid\u2019s Salamanca district. Originally established as a family business, more than two decades ago it embarked on a new chapter, becoming one of the first spaces in Spain dedicated to niche and artistic perfumery.<\/p><p data-start=\"499\" data-end=\"695\">At Nadia, a carefully curated selection of independent fragrance brands and high-performance clean beauty labels is chosen with rigor, valued for their creativity, craftsmanship, and authenticity.<\/p><p data-start=\"697\" data-end=\"883\">Today, Nadia Perfumer\u00eda remains a benchmark destination for fragrance lovers and sensory explorers alike: a space to discover, explore, and share a passion and deep knowledge of perfume.<\/p>\t\t\t\t\t\t\t\t<\/div>\n\t\t\t\t<\/div>\n\t\t\t\t<div class=\"elementor-element elementor-element-4c4db73 elementor-widget elementor-widget-text-editor\" data-id=\"4c4db73\" data-element_type=\"widget\" data-e-type=\"widget\" data-widget_type=\"text-editor.default\">\n\t\t\t\t<div class=\"elementor-widget-container\">\n\t\t\t\t\t\t\t\t\t<h2 style=\"letter-spacing: normal;\">Ayyub Serraj. Co-founder of\u00a0 Sens Bar \u00e0 Parfums.<\/h2><p style=\"color: #333333; font-size: 15px; font-weight: 400;\"><img decoding=\"async\" class=\"size-full wp-image-29172 alignleft\" src=\"https:\/\/www.artscentspain.com\/wp-content\/uploads\/2026\/02\/ayyub-serraj.jpg\" alt=\"Ayyub Serraj\" width=\"184\" height=\"300\" \/><\/p><p data-start=\"947\" data-end=\"1175\">Sens Bar \u00e0 Parfums is Spain\u2019s first Bar \u00e0 Parfums concept. Winner of the \u201cBest Niche Perfumery 2020\u201d award, it opened its doors in June 2017 in Puerto Ban\u00fas (Marbella), born from its founder\u2019s passion for the world of fragrance.<\/p><p data-start=\"1177\" data-end=\"1310\">A welcoming space offering guests the opportunity to enjoy a sublime sensory experience while savoring coffee or a selection of teas.<\/p>\t\t\t\t\t\t\t\t<\/div>\n\t\t\t\t<\/div>\n\t\t\t\t<div class=\"elementor-element elementor-element-93800d2 elementor-widget elementor-widget-text-editor\" data-id=\"93800d2\" data-element_type=\"widget\" data-e-type=\"widget\" data-widget_type=\"text-editor.default\">\n\t\t\t\t<div class=\"elementor-widget-container\">\n\t\t\t\t\t\t\t\t\t<h2><b>Jaime de la Figuera. Strategic Consultant and Partner at BMF Consultancy \u2013 Innovative Future Solutions.<\/b><\/h2><p><img decoding=\"async\" class=\"size-full wp-image-29145 alignleft\" src=\"https:\/\/www.artscentspain.com\/wp-content\/uploads\/2026\/02\/Jaime-de-la-Figuera.jpg\" alt=\"Jaime de la Figuera\" width=\"279\" height=\"300\" \/><\/p><p data-start=\"1430\" data-end=\"1784\">Specialized in the trade fair industry, the MICE sector, and internationalization and business transformation processes. He has extensive experience in the development and international positioning of trade fairs, events, and complex projects, as well as in designing strategies that connect innovation, market dynamics, and public\u2013private collaboration.<\/p><p data-start=\"1786\" data-end=\"1921\">Alongside his professional activity, he lectures at business schools and collaborates with European business and trade fair ecosystems.<\/p>\t\t\t\t\t\t\t\t<\/div>\n\t\t\t\t<\/div>\n\t\t\t\t<div class=\"elementor-element elementor-element-dd00e82 elementor-widget elementor-widget-text-editor\" data-id=\"dd00e82\" data-element_type=\"widget\" data-e-type=\"widget\" data-widget_type=\"text-editor.default\">\n\t\t\t\t<div class=\"elementor-widget-container\">\n\t\t\t\t\t\t\t\t\t<h2>Marta Tamayo. Founder and Director of Communication &amp; Marketing at Le Secret du Marais.<\/h2><p><img loading=\"lazy\" decoding=\"async\" class=\"size-full wp-image-29146 alignleft\" src=\"https:\/\/www.artscentspain.com\/wp-content\/uploads\/2026\/02\/marta-tamayo.jpg\" alt=\"Marta Tamayo\" width=\"200\" height=\"300\" \/><\/p><p data-start=\"2025\" data-end=\"2312\">A perfume expert and member of the distribution jury of the Academia del Perfume Awards. More than 20 years ago, together with her husband Jean-Luc Gardarin, she founded Spain\u2019s first 100% niche perfumery, which received the \u201cBest Niche Perfumery\u201d award in 2017 from BeautyProf magazine.<\/p><p data-start=\"2314\" data-end=\"2562\">Since then, they have worked to introduce this type of perfumery to a wider audience, sharing their passion and savoir-faire through their physical boutique and online store, offering more than 80 fragrance brands and over 1,800 perfume references.<\/p><p data-start=\"2564\" data-end=\"2733\">They have also brought the profession of perfumer and its creative universe closer to the public through introductory perfumery courses and fragrance creation workshops.<\/p><p data-start=\"2735\" data-end=\"3065\">Over the years, they have introduced renowned master perfumers as well as emerging talents through their Scent Bar events, where creators share their artistic and technical processes. They have launched in Spain iconic luxury fragrance brands such as Maison Francis Kurkdjian, Kilian Paris, and Editions de Parfums Fr\u00e9d\u00e9ric Malle.<\/p><p data-start=\"3067\" data-end=\"3500\">They have participated in cultural events around perfumery, including ARCO art fair and exhibitions at the C\u00edrculo de Bellas Artes and various art galleries. They have collaborated with both large and small companies to create bespoke olfactory experiences for clients and internal teams, including Porsche Iberia, American Express, Mapfre, Abad\u00eda Retuerta, Vodafone, Pernod Ricard, Air France, and the Madrid Open Tennis Tournament.<\/p><p data-start=\"3502\" data-end=\"3610\">All of this has been guided by the conviction that perfume is an expression of art and the poetry of memory.<\/p>\t\t\t\t\t\t\t\t<\/div>\n\t\t\t\t<\/div>\n\t\t\t\t<div class=\"elementor-element elementor-element-3716efa elementor-widget elementor-widget-text-editor\" data-id=\"3716efa\" data-element_type=\"widget\" data-e-type=\"widget\" data-widget_type=\"text-editor.default\">\n\t\t\t\t<div class=\"elementor-widget-container\">\n\t\t\t\t\t\t\t\t\t<h2>Ramon Monegal Mas\u00f2. Monegal Perfumes.<\/h2><p><img loading=\"lazy\" decoding=\"async\" class=\"size-medium wp-image-29147 alignleft\" src=\"https:\/\/www.artscentspain.com\/wp-content\/uploads\/2026\/02\/ramon-monegal-maso-300x215.jpg\" alt=\"Ramon Monegal Mas\u00f2\" width=\"300\" height=\"215\" \/><\/p><p data-start=\"3664\" data-end=\"3827\">He belongs to the most important dynasty of perfumers in Spain\u2019s history, dating back to 1916, representing the fourth generation leading the creation of perfumes.<\/p><p data-start=\"3829\" data-end=\"4265\">A master perfumer trained in Geneva, Grasse, Paris, and Barcelona, he began his career within the family company Myrurgia, achieving great success with creations such as Agua Fresca de Rosas. After a brief period at Puig, while Myrurgia was part of the group, he decided in 2008 to return to his family roots and establish Monegal Perfumes, with the aim of reaffirming the Spanish character and artistic value of the family\u2019s creations.<\/p><p data-start=\"4267\" data-end=\"4511\">An Academician of Perfume in his own right, he continues to lead and mentor the fifth and sixth generations of family perfumers. At the same time, he continues researching and developing the theory he formulated in the 1980s on Olfactory Image.<\/p>\t\t\t\t\t\t\t\t<\/div>\n\t\t\t\t<\/div>\n\t\t\t\t<div class=\"elementor-element elementor-element-0478c14 elementor-widget elementor-widget-text-editor\" data-id=\"0478c14\" data-element_type=\"widget\" data-e-type=\"widget\" data-widget_type=\"text-editor.default\">\n\t\t\t\t<div class=\"elementor-widget-container\">\n\t\t\t\t\t\t\t\t\t<h2>Ricard Sanz. CEO of Grupo Comas.<\/h2><p><img loading=\"lazy\" decoding=\"async\" class=\"size-medium wp-image-29148 alignleft\" src=\"https:\/\/www.artscentspain.com\/wp-content\/uploads\/2026\/02\/ricardo-sanz-300x200.jpg\" alt=\"Ricardo Sanz\" width=\"300\" height=\"200\" \/><\/p><p data-start=\"4560\" data-end=\"4730\">Grupo Comas is a family business with more than 80 years of history, specializing in the sale and distribution of niche and artistic perfume brands in Spain and Portugal.<\/p><p data-start=\"4732\" data-end=\"4888\">For over a decade, Grupo Comas has collaborated with independent perfume houses, consolidating its position as an expert and respected player in the sector.<\/p><p data-start=\"4890\" data-end=\"5125\">Among its most notable projects is Nasopia, a boutique located in Girona dedicated entirely to niche perfumery, bringing together more than 70 niche brands and promoting a sensory and cultural experience centered on the art of perfume.<\/p>\t\t\t\t\t\t\t\t<\/div>\n\t\t\t\t<\/div>\n\t\t\t\t<div class=\"elementor-element elementor-element-780d4da elementor-widget elementor-widget-text-editor\" data-id=\"780d4da\" data-element_type=\"widget\" data-e-type=\"widget\" data-widget_type=\"text-editor.default\">\n\t\t\t\t<div class=\"elementor-widget-container\">\n\t\t\t\t\t\t\t\t\t<h2>Toni Cabal. Founder and CEO of\u00a0 Toni Cabal Perfumes.<\/h2><p><img loading=\"lazy\" decoding=\"async\" class=\"size-full wp-image-29149 alignleft\" src=\"https:\/\/www.artscentspain.com\/wp-content\/uploads\/2026\/02\/toni-cabal.jpg\" alt=\"Toni Cabal\" width=\"211\" height=\"300\" \/><\/p><p data-start=\"5193\" data-end=\"5560\">A Barcelona-based perfumer and chemical engineer, Toni Cabal combines science and creativity in a solid career within the fragrance industry. After holding various positions in international companies, he founded Fragrance Science in 2004, a Barcelona-based company specializing in fragrance development for multiple sectors and now present in more than 40 countries.<\/p><p data-start=\"5562\" data-end=\"5734\">In 2014, Toni Cabal took a further step in his journey by launching his eponymous brand, Toni Cabal Perfumes, to express his most artistic and personal vision of perfumery.<\/p><p data-start=\"5736\" data-end=\"5939\">Altogether, Toni Cabal embodies the perfect union of science and art, with a career spanning both industrial innovation at Fragrance Science and the artisanal, emotional creation of his own perfume line.<\/p>\t\t\t\t\t\t\t\t<\/div>\n\t\t\t\t<\/div>\n\t\t\t\t\t<\/div>\n\t\t\t\t<\/div>\n\t\t\t\t<\/div>\n\t\t","protected":false},"excerpt":{"rendered":"<p>Presentaci\u00f3nCommittee of experts Alicia Fern\u00e1ndez. Owner of Nadia Perfumer\u00eda. Founded in 1953, Nadia Perfumer\u00eda is an independent perfumery located in the heart of Madrid\u2019s Salamanca district. Originally established as a family business, more than two decades ago it embarked on a new chapter, becoming one of the first spaces in Spain dedicated to niche and&#8230;<\/p>\n","protected":false},"author":1,"featured_media":0,"parent":0,"menu_order":0,"comment_status":"closed","ping_status":"closed","template":"","meta":{"_eb_attr":"","footnotes":""},"class_list":["post-29049","page","type-page","status-publish","hentry"],"yoast_head":"<!-- This site is optimized with the Yoast SEO plugin v27.2 - https:\/\/yoast.com\/product\/yoast-seo-wordpress\/ -->\n<title>ArtScent SPAIN | A new international platform for niche perfumery<\/title>\n<meta name=\"robots\" content=\"index, follow, max-snippet:-1, max-image-preview:large, max-video-preview:-1\" \/>\n<link rel=\"canonical\" href=\"https:\/\/www.artscentspain.com\/en\/committee-of-experts\/\" \/>\n<meta property=\"og:locale\" content=\"es_ES\" \/>\n<meta property=\"og:type\" content=\"article\" \/>\n<meta property=\"og:title\" content=\"ArtScent SPAIN | A new international platform for niche perfumery\" \/>\n<meta property=\"og:description\" content=\"Presentaci\u00f3nCommittee of experts Alicia Fern\u00e1ndez. Owner of Nadia Perfumer\u00eda. Founded in 1953, Nadia Perfumer\u00eda is an independent perfumery located in the heart of Madrid\u2019s Salamanca district. Originally established as a family business, more than two decades ago it embarked on a new chapter, becoming one of the first spaces in Spain dedicated to niche and...\" \/>\n<meta property=\"og:url\" content=\"https:\/\/www.artscentspain.com\/en\/committee-of-experts\/\" \/>\n<meta property=\"og:site_name\" content=\"ArtScent SPAIN (English)\" \/>\n<meta property=\"article:modified_time\" content=\"2026-02-16T22:53:50+00:00\" \/>\n<meta property=\"og:image\" content=\"https:\/\/www.artscentspain.com\/wp-content\/uploads\/2026\/02\/alicia-fernandez_.jpg\" \/>\n<meta name=\"twitter:card\" content=\"summary_large_image\" \/>\n<meta name=\"twitter:label1\" content=\"Tiempo de lectura\" \/>\n\t<meta name=\"twitter:data1\" content=\"6 minutos\" \/>\n<script type=\"application\/ld+json\" class=\"yoast-schema-graph\">{\"@context\":\"https:\/\/schema.org\",\"@graph\":[{\"@type\":\"WebPage\",\"@id\":\"https:\/\/www.artscentspain.com\/en\/committee-of-experts\/\",\"url\":\"https:\/\/www.artscentspain.com\/en\/committee-of-experts\/\",\"name\":\"ArtScent SPAIN | A new international platform for niche perfumery\",\"isPartOf\":{\"@id\":\"https:\/\/www.artscentspain.com\/en\/#website\"},\"primaryImageOfPage\":{\"@id\":\"https:\/\/www.artscentspain.com\/en\/committee-of-experts\/#primaryimage\"},\"image\":{\"@id\":\"https:\/\/www.artscentspain.com\/en\/committee-of-experts\/#primaryimage\"},\"thumbnailUrl\":\"https:\/\/www.artscentspain.com\/wp-content\/uploads\/2026\/02\/alicia-fernandez_.jpg\",\"datePublished\":\"2026-02-16T22:42:26+00:00\",\"dateModified\":\"2026-02-16T22:53:50+00:00\",\"breadcrumb\":{\"@id\":\"https:\/\/www.artscentspain.com\/en\/committee-of-experts\/#breadcrumb\"},\"inLanguage\":\"es\",\"potentialAction\":[{\"@type\":\"ReadAction\",\"target\":[\"https:\/\/www.artscentspain.com\/en\/committee-of-experts\/\"]}]},{\"@type\":\"ImageObject\",\"inLanguage\":\"es\",\"@id\":\"https:\/\/www.artscentspain.com\/en\/committee-of-experts\/#primaryimage\",\"url\":\"https:\/\/www.artscentspain.com\/wp-content\/uploads\/2026\/02\/alicia-fernandez_.jpg\",\"contentUrl\":\"https:\/\/www.artscentspain.com\/wp-content\/uploads\/2026\/02\/alicia-fernandez_.jpg\"},{\"@type\":\"BreadcrumbList\",\"@id\":\"https:\/\/www.artscentspain.com\/en\/committee-of-experts\/#breadcrumb\",\"itemListElement\":[{\"@type\":\"ListItem\",\"position\":1,\"name\":\"Portada\",\"item\":\"https:\/\/www.artscentspain.com\/en\/\"},{\"@type\":\"ListItem\",\"position\":2,\"name\":\"Committee of experts\"}]},{\"@type\":\"WebSite\",\"@id\":\"https:\/\/www.artscentspain.com\/en\/#website\",\"url\":\"https:\/\/www.artscentspain.com\/en\/\",\"name\":\"ArtScent SPAIN (English)\",\"description\":\"\",\"potentialAction\":[{\"@type\":\"SearchAction\",\"target\":{\"@type\":\"EntryPoint\",\"urlTemplate\":\"https:\/\/www.artscentspain.com\/en\/?s={search_term_string}\"},\"query-input\":{\"@type\":\"PropertyValueSpecification\",\"valueRequired\":true,\"valueName\":\"search_term_string\"}}],\"inLanguage\":\"es\"}]}<\/script>\n<!-- \/ Yoast SEO plugin. -->","yoast_head_json":{"title":"ArtScent SPAIN | A new international platform for niche perfumery","robots":{"index":"index","follow":"follow","max-snippet":"max-snippet:-1","max-image-preview":"max-image-preview:large","max-video-preview":"max-video-preview:-1"},"canonical":"https:\/\/www.artscentspain.com\/en\/committee-of-experts\/","og_locale":"es_ES","og_type":"article","og_title":"ArtScent SPAIN | A new international platform for niche perfumery","og_description":"Presentaci\u00f3nCommittee of experts Alicia Fern\u00e1ndez. Owner of Nadia Perfumer\u00eda. Founded in 1953, Nadia Perfumer\u00eda is an independent perfumery located in the heart of Madrid\u2019s Salamanca district. Originally established as a family business, more than two decades ago it embarked on a new chapter, becoming one of the first spaces in Spain dedicated to niche and...","og_url":"https:\/\/www.artscentspain.com\/en\/committee-of-experts\/","og_site_name":"ArtScent SPAIN (English)","article_modified_time":"2026-02-16T22:53:50+00:00","og_image":[{"url":"https:\/\/www.artscentspain.com\/wp-content\/uploads\/2026\/02\/alicia-fernandez_.jpg","type":"","width":"","height":""}],"twitter_card":"summary_large_image","twitter_misc":{"Tiempo de lectura":"6 minutos"},"schema":{"@context":"https:\/\/schema.org","@graph":[{"@type":"WebPage","@id":"https:\/\/www.artscentspain.com\/en\/committee-of-experts\/","url":"https:\/\/www.artscentspain.com\/en\/committee-of-experts\/","name":"ArtScent SPAIN | A new international platform for niche perfumery","isPartOf":{"@id":"https:\/\/www.artscentspain.com\/en\/#website"},"primaryImageOfPage":{"@id":"https:\/\/www.artscentspain.com\/en\/committee-of-experts\/#primaryimage"},"image":{"@id":"https:\/\/www.artscentspain.com\/en\/committee-of-experts\/#primaryimage"},"thumbnailUrl":"https:\/\/www.artscentspain.com\/wp-content\/uploads\/2026\/02\/alicia-fernandez_.jpg","datePublished":"2026-02-16T22:42:26+00:00","dateModified":"2026-02-16T22:53:50+00:00","breadcrumb":{"@id":"https:\/\/www.artscentspain.com\/en\/committee-of-experts\/#breadcrumb"},"inLanguage":"es","potentialAction":[{"@type":"ReadAction","target":["https:\/\/www.artscentspain.com\/en\/committee-of-experts\/"]}]},{"@type":"ImageObject","inLanguage":"es","@id":"https:\/\/www.artscentspain.com\/en\/committee-of-experts\/#primaryimage","url":"https:\/\/www.artscentspain.com\/wp-content\/uploads\/2026\/02\/alicia-fernandez_.jpg","contentUrl":"https:\/\/www.artscentspain.com\/wp-content\/uploads\/2026\/02\/alicia-fernandez_.jpg"},{"@type":"BreadcrumbList","@id":"https:\/\/www.artscentspain.com\/en\/committee-of-experts\/#breadcrumb","itemListElement":[{"@type":"ListItem","position":1,"name":"Portada","item":"https:\/\/www.artscentspain.com\/en\/"},{"@type":"ListItem","position":2,"name":"Committee of experts"}]},{"@type":"WebSite","@id":"https:\/\/www.artscentspain.com\/en\/#website","url":"https:\/\/www.artscentspain.com\/en\/","name":"ArtScent SPAIN (English)","description":"","potentialAction":[{"@type":"SearchAction","target":{"@type":"EntryPoint","urlTemplate":"https:\/\/www.artscentspain.com\/en\/?s={search_term_string}"},"query-input":{"@type":"PropertyValueSpecification","valueRequired":true,"valueName":"search_term_string"}}],"inLanguage":"es"}]}},"_links":{"self":[{"href":"https:\/\/www.artscentspain.com\/en\/wp-json\/wp\/v2\/pages\/29049","targetHints":{"allow":["GET"]}}],"collection":[{"href":"https:\/\/www.artscentspain.com\/en\/wp-json\/wp\/v2\/pages"}],"about":[{"href":"https:\/\/www.artscentspain.com\/en\/wp-json\/wp\/v2\/types\/page"}],"author":[{"embeddable":true,"href":"https:\/\/www.artscentspain.com\/en\/wp-json\/wp\/v2\/users\/1"}],"replies":[{"embeddable":true,"href":"https:\/\/www.artscentspain.com\/en\/wp-json\/wp\/v2\/comments?post=29049"}],"version-history":[{"count":8,"href":"https:\/\/www.artscentspain.com\/en\/wp-json\/wp\/v2\/pages\/29049\/revisions"}],"predecessor-version":[{"id":29057,"href":"https:\/\/www.artscentspain.com\/en\/wp-json\/wp\/v2\/pages\/29049\/revisions\/29057"}],"wp:attachment":[{"href":"https:\/\/www.artscentspain.com\/en\/wp-json\/wp\/v2\/media?parent=29049"}],"curies":[{"name":"wp","href":"https:\/\/api.w.org\/{rel}","templated":true}]}}